{"id":6080,"date":"2021-11-01T07:27:48","date_gmt":"2021-11-01T07:27:48","guid":{"rendered":"https:\/\/www.hotel-bordeaux-porte-bassin.fr\/services\/"},"modified":"2026-02-20T13:26:22","modified_gmt":"2026-02-20T13:26:22","slug":"servicios","status":"publish","type":"page","link":"https:\/\/www.hotel-bordeaux-porte-bassin.fr\/es\/servicios\/","title":{"rendered":"Servicios"},"content":{"rendered":"\t\t<div data-elementor-type=\"wp-page\" data-elementor-id=\"6080\" class=\"elementor elementor-6080 elementor-1049\" data-elementor-post-type=\"page\">\n\t\t\t\t\t\t<section data-dce-background-overlay-color=\"#000000\" data-dce-background-image-url=\"https:\/\/www.hotel-bordeaux-porte-bassin.fr\/wp-content\/uploads\/services\/hotel-porte-du-bassin-bordeaux-bar-restaurant-ambiance.webp\" class=\"elementor-section elementor-top-section elementor-element elementor-element-97bf83f elementor-section-height-min-height elementor-section-boxed elementor-section-height-default elementor-section-items-middle\" data-id=\"97bf83f\" data-element_type=\"section\" data-e-type=\"section\" data-settings=\"{&quot;background_background&quot;:&quot;classic&quot;}\">\n\t\t\t\t\t\t\t<div class=\" elementor-background-overlay lazyelementorbackgroundimages \"><\/div>\n\t\t\t\t\t\t\t<div class=\"elementor-container elementor-column-gap-default\">\n\t\t\t\t\t<div class=\"elementor-column elementor-col-100 elementor-top-column elementor-element elementor-element-e9750cc\" data-id=\"e9750cc\" data-element_type=\"column\" data-e-type=\"column\">\n\t\t\t<div class=\"elementor-widget-wrap elementor-element-populated\">\n\t\t\t\t\t\t<div class=\"elementor-element elementor-element-9ed29bf elementor-widget elementor-widget-heading\" data-id=\"9ed29bf\" data-element_type=\"widget\" data-e-type=\"widget\" data-widget_type=\"heading.default\">\n\t\t\t\t<div class=\"elementor-widget-container\">\n\t\t\t\t\t<h1 class=\"elementor-heading-title elementor-size-default\">servicios<\/h1>\t\t\t\t<\/div>\n\t\t\t\t<\/div>\n\t\t\t\t\t<\/div>\n\t\t<\/div>\n\t\t\t\t\t<\/div>\n\t\t<\/section>\n\t\t\t\t<section class=\"elementor-section elementor-top-section elementor-element elementor-element-9fce9ed elementor-section-boxed elementor-section-height-default elementor-section-height-default\" data-id=\"9fce9ed\" data-element_type=\"section\" data-e-type=\"section\">\n\t\t\t\t\t\t<div class=\"elementor-container elementor-column-gap-default\">\n\t\t\t\t\t<div class=\"elementor-column elementor-col-100 elementor-top-column elementor-element elementor-element-057e547\" data-id=\"057e547\" data-element_type=\"column\" data-e-type=\"column\">\n\t\t\t<div class=\"elementor-widget-wrap elementor-element-populated\">\n\t\t\t\t\t\t<div class=\"elementor-element elementor-element-73e7c1d elementor-grid-1 elementor-grid-tablet-1 elementor-posts--thumbnail-top elementor-grid-mobile-1 elementor-widget elementor-widget-posts\" data-id=\"73e7c1d\" data-element_type=\"widget\" data-e-type=\"widget\" data-settings=\"{&quot;custom_alternating_templates&quot;:&quot;yes&quot;,&quot;custom_columns&quot;:&quot;1&quot;,&quot;custom_row_gap&quot;:{&quot;unit&quot;:&quot;px&quot;,&quot;size&quot;:0,&quot;sizes&quot;:[]},&quot;custom_columns_tablet&quot;:&quot;1&quot;,&quot;custom_columns_mobile&quot;:&quot;1&quot;,&quot;custom_row_gap_tablet&quot;:{&quot;unit&quot;:&quot;px&quot;,&quot;size&quot;:&quot;&quot;,&quot;sizes&quot;:[]},&quot;custom_row_gap_mobile&quot;:{&quot;unit&quot;:&quot;px&quot;,&quot;size&quot;:&quot;&quot;,&quot;sizes&quot;:[]}}\" data-widget_type=\"posts.custom\">\n\t\t\t\t<div class=\"elementor-widget-container\">\n\t\t\t\t\t      <div class=\"ecs-posts elementor-posts-container elementor-posts   elementor-grid elementor-posts--skin-custom\" data-settings=\"{&quot;current_page&quot;:1,&quot;max_num_pages&quot;:1,&quot;load_method&quot;:&quot;&quot;,&quot;widget_id&quot;:&quot;73e7c1d&quot;,&quot;post_id&quot;:6080,&quot;theme_id&quot;:6080,&quot;change_url&quot;:false,&quot;reinit_js&quot;:false}\">\n      \t\t<article id=\"post-6112\" class=\"elementor-post elementor-grid-item ecs-post-loop post-6112 services type-services status-publish has-post-thumbnail hentry\">\n\t\t\t\t<div data-elementor-type=\"loop\" data-elementor-id=\"6122\" class=\"elementor elementor-6122 elementor-1056 elementor-1056 post-6112 services type-services status-publish has-post-thumbnail hentry\" data-elementor-post-type=\"elementor_library\">\n\t\t\t\t\t<section class=\"elementor-section elementor-top-section elementor-element elementor-element-923fabc elementor-section-content-middle elementor-section-boxed elementor-section-height-default elementor-section-height-default\" data-id=\"923fabc\" data-element_type=\"section\" data-e-type=\"section\">\n\t\t\t\t\t\t<div class=\"elementor-container elementor-column-gap-default\">\n\t\t\t\t\t<div class=\"elementor-column elementor-col-50 elementor-top-column elementor-element elementor-element-4b01de2\" data-id=\"4b01de2\" data-element_type=\"column\" data-e-type=\"column\" data-settings=\"{&quot;background_background&quot;:&quot;classic&quot;}\">\n\t\t\t<div class=\"elementor-widget-wrap elementor-element-populated\">\n\t\t\t\t\t\t<div class=\"elementor-element elementor-element-e587ee1 elementor-widget elementor-widget-image\" data-id=\"e587ee1\" data-element_type=\"widget\" data-e-type=\"widget\" data-widget_type=\"image.default\">\n\t\t\t\t<div class=\"elementor-widget-container\">\n\t\t\t\t\t\t\t\t\t\t\t\t\t\t\t<img decoding=\"async\" width=\"100\" height=\"100\" src=\"https:\/\/www.hotel-bordeaux-porte-bassin.fr\/wp-content\/uploads\/icones\/hotel-bordeaux-porte-du-bassin-icone-useful-information-svg.png\" class=\"attachment-large size-large wp-image-7184\" alt=\"H\u00f4tel Bordeaux Porte du Bassin | Informations utiles\" \/>\t\t\t\t\t\t\t\t\t\t\t\t\t\t\t<\/div>\n\t\t\t\t<\/div>\n\t\t\t\t<div class=\"elementor-element elementor-element-1be932b elementor-widget elementor-widget-heading\" data-id=\"1be932b\" data-element_type=\"widget\" data-e-type=\"widget\" data-widget_type=\"heading.default\">\n\t\t\t\t<div class=\"elementor-widget-container\">\n\t\t\t\t\t<h2 class=\"elementor-heading-title elementor-size-default\">Informaci\u00f3n \u00fatil<\/h2>\t\t\t\t<\/div>\n\t\t\t\t<\/div>\n\t\t\t\t<div class=\"elementor-element elementor-element-82a84db elementor-widget elementor-widget-text-editor\" data-id=\"82a84db\" data-element_type=\"widget\" data-e-type=\"widget\" data-widget_type=\"text-editor.default\">\n\t\t\t\t<div class=\"elementor-widget-container\">\n\t\t\t\t\t\t\t\t\tEncuentra toda la informaci\u00f3n necesaria para preparar tu estancia en el hotel Bordeaux Porte du bassin&#8230;.\t\t\t\t\t\t\t\t<\/div>\n\t\t\t\t<\/div>\n\t\t\t\t<div data-dce-background-color=\"#B7934D\" class=\"elementor-element elementor-element-badd8ff elementor-widget elementor-widget-button\" data-id=\"badd8ff\" data-element_type=\"widget\" data-e-type=\"widget\" data-widget_type=\"button.default\">\n\t\t\t\t<div class=\"elementor-widget-container\">\n\t\t\t\t\t\t\t\t\t<div class=\"elementor-button-wrapper\">\n\t\t\t\t\t<a class=\"elementor-button elementor-button-link elementor-size-sm\" href=\"https:\/\/www.hotel-bordeaux-porte-bassin.fr\/es\/services\/informacion-util\/\">\n\t\t\t\t\t\t<span class=\"elementor-button-content-wrapper\">\n\t\t\t\t\t\t\t\t\t<span class=\"elementor-button-text\">M\u00c1S INFORMACI\u00d3N<\/span>\n\t\t\t\t\t<\/span>\n\t\t\t\t\t<\/a>\n\t\t\t\t<\/div>\n\t\t\t\t\t\t\t\t<\/div>\n\t\t\t\t<\/div>\n\t\t\t\t\t<\/div>\n\t\t<\/div>\n\t\t\t\t<div class=\"elementor-column elementor-col-50 elementor-top-column elementor-element elementor-element-a50d26f\" data-id=\"a50d26f\" data-element_type=\"column\" data-e-type=\"column\">\n\t\t\t<div class=\"elementor-widget-wrap elementor-element-populated\">\n\t\t\t\t\t\t<div class=\"elementor-element elementor-element-4dda7a6 elementor-widget elementor-widget-image\" data-id=\"4dda7a6\" data-element_type=\"widget\" data-e-type=\"widget\" data-widget_type=\"image.default\">\n\t\t\t\t<div class=\"elementor-widget-container\">\n\t\t\t\t\t\t\t\t\t\t\t\t\t\t\t\t<a href=\"https:\/\/www.hotel-bordeaux-porte-bassin.fr\/es\/services\/informacion-util\/\">\n\t\t\t\t\t\t\t<img fetchpriority=\"high\" decoding=\"async\" width=\"1200\" height=\"800\" src=\"https:\/\/www.hotel-bordeaux-porte-bassin.fr\/wp-content\/uploads\/accueil\/hotel-porte-du-bassin-service-informations-utiles.webp\" class=\"elementor-animation-grow attachment-full size-full wp-image-8332\" alt=\"L\u00e1mpara decorativa moderna iluminada, utilizada para ilustrar la secci\u00f3n de Informaci\u00f3n \u00datil del H\u00f4tel Porte du Bassin.\" srcset=\"https:\/\/www.hotel-bordeaux-porte-bassin.fr\/wp-content\/uploads\/accueil\/hotel-porte-du-bassin-service-informations-utiles.webp 1200w, https:\/\/www.hotel-bordeaux-porte-bassin.fr\/wp-content\/uploads\/accueil\/hotel-porte-du-bassin-service-informations-utiles-300x200.webp 300w, https:\/\/www.hotel-bordeaux-porte-bassin.fr\/wp-content\/uploads\/accueil\/hotel-porte-du-bassin-service-informations-utiles-1024x683.webp 1024w, https:\/\/www.hotel-bordeaux-porte-bassin.fr\/wp-content\/uploads\/accueil\/hotel-porte-du-bassin-service-informations-utiles-768x512.webp 768w\" sizes=\"(max-width: 1200px) 100vw, 1200px\" \/>\t\t\t\t\t\t\t\t<\/a>\n\t\t\t\t\t\t\t\t\t\t\t\t\t\t\t<\/div>\n\t\t\t\t<\/div>\n\t\t\t\t\t<\/div>\n\t\t<\/div>\n\t\t\t\t\t<\/div>\n\t\t<\/section>\n\t\t\t\t<\/div>\n\t\t\t\t<\/article>\n\t\t\t\t<article id=\"post-6110\" class=\"elementor-post elementor-grid-item ecs-post-loop post-6110 services type-services status-publish has-post-thumbnail hentry\">\n\t\t\t\t<div data-elementor-type=\"loop\" data-elementor-id=\"6121\" class=\"elementor elementor-6121 elementor-1062 elementor-1062 post-6110 services type-services status-publish has-post-thumbnail hentry\" data-elementor-post-type=\"elementor_library\">\n\t\t\t\t\t<section class=\"elementor-section elementor-top-section elementor-element elementor-element-9bdd7f2 elementor-section-content-middle elementor-reverse-mobile elementor-section-boxed elementor-section-height-default elementor-section-height-default\" data-id=\"9bdd7f2\" data-element_type=\"section\" data-e-type=\"section\">\n\t\t\t\t\t\t<div class=\"elementor-container elementor-column-gap-default\">\n\t\t\t\t\t<div class=\"elementor-column elementor-col-50 elementor-top-column elementor-element elementor-element-e98cbc1\" data-id=\"e98cbc1\" data-element_type=\"column\" data-e-type=\"column\">\n\t\t\t<div class=\"elementor-widget-wrap elementor-element-populated\">\n\t\t\t\t\t\t<div class=\"elementor-element elementor-element-2d3e1c1 elementor-widget elementor-widget-image\" data-id=\"2d3e1c1\" data-element_type=\"widget\" data-e-type=\"widget\" data-widget_type=\"image.default\">\n\t\t\t\t<div class=\"elementor-widget-container\">\n\t\t\t\t\t\t\t\t\t\t\t\t\t\t\t\t<a href=\"https:\/\/www.hotel-bordeaux-porte-bassin.fr\/es\/services\/desayuno-bufe\/\">\n\t\t\t\t\t\t\t<img decoding=\"async\" width=\"800\" height=\"534\" src=\"https:\/\/www.hotel-bordeaux-porte-bassin.fr\/wp-content\/uploads\/petit-dejeuner-buffet-hotel-bordeaux-porte-du-bassin.webp\" class=\"elementor-animation-grow attachment-large size-large wp-image-8342\" alt=\"Desayuno buffet con boller\u00eda, bebidas calientes, zumos de frutas y platos salados en el H\u00f4tel Bordeaux Porte du Bassin.\" srcset=\"https:\/\/www.hotel-bordeaux-porte-bassin.fr\/wp-content\/uploads\/petit-dejeuner-buffet-hotel-bordeaux-porte-du-bassin.webp 1024w, https:\/\/www.hotel-bordeaux-porte-bassin.fr\/wp-content\/uploads\/petit-dejeuner-buffet-hotel-bordeaux-porte-du-bassin-300x200.webp 300w, https:\/\/www.hotel-bordeaux-porte-bassin.fr\/wp-content\/uploads\/petit-dejeuner-buffet-hotel-bordeaux-porte-du-bassin-768x512.webp 768w\" sizes=\"(max-width: 800px) 100vw, 800px\" \/>\t\t\t\t\t\t\t\t<\/a>\n\t\t\t\t\t\t\t\t\t\t\t\t\t\t\t<\/div>\n\t\t\t\t<\/div>\n\t\t\t\t\t<\/div>\n\t\t<\/div>\n\t\t\t\t<div class=\"elementor-column elementor-col-50 elementor-top-column elementor-element elementor-element-4f3384f\" data-id=\"4f3384f\" data-element_type=\"column\" data-e-type=\"column\" data-settings=\"{&quot;background_background&quot;:&quot;classic&quot;}\">\n\t\t\t<div class=\"elementor-widget-wrap elementor-element-populated\">\n\t\t\t\t\t\t<div class=\"elementor-element elementor-element-396da3d elementor-widget elementor-widget-image\" data-id=\"396da3d\" data-element_type=\"widget\" data-e-type=\"widget\" data-widget_type=\"image.default\">\n\t\t\t\t<div class=\"elementor-widget-container\">\n\t\t\t\t\t\t\t\t\t\t\t\t\t\t\t<img loading=\"lazy\" decoding=\"async\" width=\"100\" height=\"100\" src=\"https:\/\/www.hotel-bordeaux-porte-bassin.fr\/wp-content\/uploads\/icones\/hotel-bordeaux-porte-du-bassin-icone-buffet-breakfast-svg.png\" class=\"attachment-large size-large wp-image-7181\" alt=\"H\u00f4tel Bordeaux Porte du Bassin | Petit d\u00e9jeuner - Buffet\" \/>\t\t\t\t\t\t\t\t\t\t\t\t\t\t\t<\/div>\n\t\t\t\t<\/div>\n\t\t\t\t<div class=\"elementor-element elementor-element-5c96a65 elementor-widget elementor-widget-heading\" data-id=\"5c96a65\" data-element_type=\"widget\" data-e-type=\"widget\" data-widget_type=\"heading.default\">\n\t\t\t\t<div class=\"elementor-widget-container\">\n\t\t\t\t\t<h2 class=\"elementor-heading-title elementor-size-default\">Desayuno buf\u00e9<\/h2>\t\t\t\t<\/div>\n\t\t\t\t<\/div>\n\t\t\t\t<div class=\"elementor-element elementor-element-2b9ff29 elementor-widget elementor-widget-text-editor\" data-id=\"2b9ff29\" data-element_type=\"widget\" data-e-type=\"widget\" data-widget_type=\"text-editor.default\">\n\t\t\t\t<div class=\"elementor-widget-container\">\n\t\t\t\t\t\t\t\t\tDegustar\u00e1s cada ma\u00f1ana de un desayuno continental en nuestra amplia sala de desayunos&#8230;.\t\t\t\t\t\t\t\t<\/div>\n\t\t\t\t<\/div>\n\t\t\t\t<div data-dce-background-color=\"#B7934D\" class=\"elementor-element elementor-element-cd6dff7 elementor-widget elementor-widget-button\" data-id=\"cd6dff7\" data-element_type=\"widget\" data-e-type=\"widget\" data-widget_type=\"button.default\">\n\t\t\t\t<div class=\"elementor-widget-container\">\n\t\t\t\t\t\t\t\t\t<div class=\"elementor-button-wrapper\">\n\t\t\t\t\t<a class=\"elementor-button elementor-button-link elementor-size-sm\" href=\"https:\/\/www.hotel-bordeaux-porte-bassin.fr\/es\/services\/desayuno-bufe\/\">\n\t\t\t\t\t\t<span class=\"elementor-button-content-wrapper\">\n\t\t\t\t\t\t\t\t\t<span class=\"elementor-button-text\">M\u00c1S INFORMACI\u00d3N<\/span>\n\t\t\t\t\t<\/span>\n\t\t\t\t\t<\/a>\n\t\t\t\t<\/div>\n\t\t\t\t\t\t\t\t<\/div>\n\t\t\t\t<\/div>\n\t\t\t\t\t<\/div>\n\t\t<\/div>\n\t\t\t\t\t<\/div>\n\t\t<\/section>\n\t\t\t\t<\/div>\n\t\t\t\t<\/article>\n\t\t\t\t<article id=\"post-6109\" class=\"elementor-post elementor-grid-item ecs-post-loop post-6109 services type-services status-publish has-post-thumbnail hentry\">\n\t\t\t\t<div data-elementor-type=\"loop\" data-elementor-id=\"6122\" class=\"elementor elementor-6122 elementor-1056 elementor-1056 post-6109 services type-services status-publish has-post-thumbnail hentry\" data-elementor-post-type=\"elementor_library\">\n\t\t\t\t\t<section class=\"elementor-section elementor-top-section elementor-element elementor-element-923fabc elementor-section-content-middle elementor-section-boxed elementor-section-height-default elementor-section-height-default\" data-id=\"923fabc\" data-element_type=\"section\" data-e-type=\"section\">\n\t\t\t\t\t\t<div class=\"elementor-container elementor-column-gap-default\">\n\t\t\t\t\t<div class=\"elementor-column elementor-col-50 elementor-top-column elementor-element elementor-element-4b01de2\" data-id=\"4b01de2\" data-element_type=\"column\" data-e-type=\"column\" data-settings=\"{&quot;background_background&quot;:&quot;classic&quot;}\">\n\t\t\t<div class=\"elementor-widget-wrap elementor-element-populated\">\n\t\t\t\t\t\t<div class=\"elementor-element elementor-element-e587ee1 elementor-widget elementor-widget-image\" data-id=\"e587ee1\" data-element_type=\"widget\" data-e-type=\"widget\" data-widget_type=\"image.default\">\n\t\t\t\t<div class=\"elementor-widget-container\">\n\t\t\t\t\t\t\t\t\t\t\t\t\t\t\t<img loading=\"lazy\" decoding=\"async\" width=\"79\" height=\"100\" src=\"https:\/\/www.hotel-bordeaux-porte-bassin.fr\/wp-content\/uploads\/icones\/hotel-bordeaux-porte-du-bassin-icone-bar-svg.png\" class=\"attachment-large size-large wp-image-7178\" alt=\"H\u00f4tel Bordeaux Porte du Bassin | Bar icone\" \/>\t\t\t\t\t\t\t\t\t\t\t\t\t\t\t<\/div>\n\t\t\t\t<\/div>\n\t\t\t\t<div class=\"elementor-element elementor-element-1be932b elementor-widget elementor-widget-heading\" data-id=\"1be932b\" data-element_type=\"widget\" data-e-type=\"widget\" data-widget_type=\"heading.default\">\n\t\t\t\t<div class=\"elementor-widget-container\">\n\t\t\t\t\t<h2 class=\"elementor-heading-title elementor-size-default\">Bar restaurante<\/h2>\t\t\t\t<\/div>\n\t\t\t\t<\/div>\n\t\t\t\t<div class=\"elementor-element elementor-element-82a84db elementor-widget elementor-widget-text-editor\" data-id=\"82a84db\" data-element_type=\"widget\" data-e-type=\"widget\" data-widget_type=\"text-editor.default\">\n\t\t\t\t<div class=\"elementor-widget-container\">\n\t\t\t\t\t\t\t\t\tDescubre y disfruta de las especialidades de la regi\u00f3n en nuestro bar restaurante&#8230;.\t\t\t\t\t\t\t\t<\/div>\n\t\t\t\t<\/div>\n\t\t\t\t<div data-dce-background-color=\"#B7934D\" class=\"elementor-element elementor-element-badd8ff elementor-widget elementor-widget-button\" data-id=\"badd8ff\" data-element_type=\"widget\" data-e-type=\"widget\" data-widget_type=\"button.default\">\n\t\t\t\t<div class=\"elementor-widget-container\">\n\t\t\t\t\t\t\t\t\t<div class=\"elementor-button-wrapper\">\n\t\t\t\t\t<a class=\"elementor-button elementor-button-link elementor-size-sm\" href=\"https:\/\/www.hotel-bordeaux-porte-bassin.fr\/es\/services\/bar-restaurante\/\">\n\t\t\t\t\t\t<span class=\"elementor-button-content-wrapper\">\n\t\t\t\t\t\t\t\t\t<span class=\"elementor-button-text\">M\u00c1S INFORMACI\u00d3N<\/span>\n\t\t\t\t\t<\/span>\n\t\t\t\t\t<\/a>\n\t\t\t\t<\/div>\n\t\t\t\t\t\t\t\t<\/div>\n\t\t\t\t<\/div>\n\t\t\t\t\t<\/div>\n\t\t<\/div>\n\t\t\t\t<div class=\"elementor-column elementor-col-50 elementor-top-column elementor-element elementor-element-a50d26f\" data-id=\"a50d26f\" data-element_type=\"column\" data-e-type=\"column\">\n\t\t\t<div class=\"elementor-widget-wrap elementor-element-populated\">\n\t\t\t\t\t\t<div class=\"elementor-element elementor-element-4dda7a6 elementor-widget elementor-widget-image\" data-id=\"4dda7a6\" data-element_type=\"widget\" data-e-type=\"widget\" data-widget_type=\"image.default\">\n\t\t\t\t<div class=\"elementor-widget-container\">\n\t\t\t\t\t\t\t\t\t\t\t\t\t\t\t\t<a href=\"https:\/\/www.hotel-bordeaux-porte-bassin.fr\/es\/services\/bar-restaurante\/\">\n\t\t\t\t\t\t\t<img loading=\"lazy\" decoding=\"async\" width=\"1024\" height=\"683\" src=\"https:\/\/www.hotel-bordeaux-porte-bassin.fr\/wp-content\/uploads\/hotel-porte-du-bassin-restaurant-salon-ambiance.webp\" class=\"elementor-animation-grow attachment-full size-full wp-image-8345\" alt=\"Zona de restaurante y sal\u00f3n del H\u00f4tel Porte du Bassin, con plantas, sillas modernas y un ambiente c\u00e1lido y acogedor.\" srcset=\"https:\/\/www.hotel-bordeaux-porte-bassin.fr\/wp-content\/uploads\/hotel-porte-du-bassin-restaurant-salon-ambiance.webp 1024w, https:\/\/www.hotel-bordeaux-porte-bassin.fr\/wp-content\/uploads\/hotel-porte-du-bassin-restaurant-salon-ambiance-300x200.webp 300w, https:\/\/www.hotel-bordeaux-porte-bassin.fr\/wp-content\/uploads\/hotel-porte-du-bassin-restaurant-salon-ambiance-768x512.webp 768w\" sizes=\"(max-width: 1024px) 100vw, 1024px\" \/>\t\t\t\t\t\t\t\t<\/a>\n\t\t\t\t\t\t\t\t\t\t\t\t\t\t\t<\/div>\n\t\t\t\t<\/div>\n\t\t\t\t\t<\/div>\n\t\t<\/div>\n\t\t\t\t\t<\/div>\n\t\t<\/section>\n\t\t\t\t<\/div>\n\t\t\t\t<\/article>\n\t\t\t\t<article id=\"post-6108\" class=\"elementor-post elementor-grid-item ecs-post-loop post-6108 services type-services status-publish has-post-thumbnail hentry\">\n\t\t\t\t<div data-elementor-type=\"loop\" data-elementor-id=\"6121\" class=\"elementor elementor-6121 elementor-1062 elementor-1062 post-6108 services type-services status-publish has-post-thumbnail hentry\" data-elementor-post-type=\"elementor_library\">\n\t\t\t\t\t<section class=\"elementor-section elementor-top-section elementor-element elementor-element-9bdd7f2 elementor-section-content-middle elementor-reverse-mobile elementor-section-boxed elementor-section-height-default elementor-section-height-default\" data-id=\"9bdd7f2\" data-element_type=\"section\" data-e-type=\"section\">\n\t\t\t\t\t\t<div class=\"elementor-container elementor-column-gap-default\">\n\t\t\t\t\t<div class=\"elementor-column elementor-col-50 elementor-top-column elementor-element elementor-element-e98cbc1\" data-id=\"e98cbc1\" data-element_type=\"column\" data-e-type=\"column\">\n\t\t\t<div class=\"elementor-widget-wrap elementor-element-populated\">\n\t\t\t\t\t\t<div class=\"elementor-element elementor-element-2d3e1c1 elementor-widget elementor-widget-image\" data-id=\"2d3e1c1\" data-element_type=\"widget\" data-e-type=\"widget\" data-widget_type=\"image.default\">\n\t\t\t\t<div class=\"elementor-widget-container\">\n\t\t\t\t\t\t\t\t\t\t\t\t\t\t\t\t<a href=\"https:\/\/www.hotel-bordeaux-porte-bassin.fr\/es\/services\/cursos\/\">\n\t\t\t\t\t\t\t<img loading=\"lazy\" decoding=\"async\" width=\"800\" height=\"534\" src=\"https:\/\/www.hotel-bordeaux-porte-bassin.fr\/wp-content\/uploads\/services\/seminaires\/hotel-porte-du-bassin-bordeaux-salle-de-seminaire-1024x683.webp\" class=\"elementor-animation-grow attachment-large size-large wp-image-8505\" alt=\"Sala de reuniones en U - Hotel Porte du Bassin Burdeos\" srcset=\"https:\/\/www.hotel-bordeaux-porte-bassin.fr\/wp-content\/uploads\/services\/seminaires\/hotel-porte-du-bassin-bordeaux-salle-de-seminaire-1024x683.webp 1024w, https:\/\/www.hotel-bordeaux-porte-bassin.fr\/wp-content\/uploads\/services\/seminaires\/hotel-porte-du-bassin-bordeaux-salle-de-seminaire-300x200.webp 300w, https:\/\/www.hotel-bordeaux-porte-bassin.fr\/wp-content\/uploads\/services\/seminaires\/hotel-porte-du-bassin-bordeaux-salle-de-seminaire-768x512.webp 768w, https:\/\/www.hotel-bordeaux-porte-bassin.fr\/wp-content\/uploads\/services\/seminaires\/hotel-porte-du-bassin-bordeaux-salle-de-seminaire.webp 1200w\" sizes=\"(max-width: 800px) 100vw, 800px\" \/>\t\t\t\t\t\t\t\t<\/a>\n\t\t\t\t\t\t\t\t\t\t\t\t\t\t\t<\/div>\n\t\t\t\t<\/div>\n\t\t\t\t\t<\/div>\n\t\t<\/div>\n\t\t\t\t<div class=\"elementor-column elementor-col-50 elementor-top-column elementor-element elementor-element-4f3384f\" data-id=\"4f3384f\" data-element_type=\"column\" data-e-type=\"column\" data-settings=\"{&quot;background_background&quot;:&quot;classic&quot;}\">\n\t\t\t<div class=\"elementor-widget-wrap elementor-element-populated\">\n\t\t\t\t\t\t<div class=\"elementor-element elementor-element-396da3d elementor-widget elementor-widget-image\" data-id=\"396da3d\" data-element_type=\"widget\" data-e-type=\"widget\" data-widget_type=\"image.default\">\n\t\t\t\t<div class=\"elementor-widget-container\">\n\t\t\t\t\t\t\t\t\t\t\t\t\t\t\t<img loading=\"lazy\" decoding=\"async\" width=\"100\" height=\"100\" src=\"https:\/\/www.hotel-bordeaux-porte-bassin.fr\/wp-content\/uploads\/icones\/hotel-bordeaux-porte-du-bassin-icone-seminaires-svg.png\" class=\"attachment-large size-large wp-image-7175\" alt=\"H\u00f4tel Bordeaux Porte du Bassin | S\u00e9minaires icone\" \/>\t\t\t\t\t\t\t\t\t\t\t\t\t\t\t<\/div>\n\t\t\t\t<\/div>\n\t\t\t\t<div class=\"elementor-element elementor-element-5c96a65 elementor-widget elementor-widget-heading\" data-id=\"5c96a65\" data-element_type=\"widget\" data-e-type=\"widget\" data-widget_type=\"heading.default\">\n\t\t\t\t<div class=\"elementor-widget-container\">\n\t\t\t\t\t<h2 class=\"elementor-heading-title elementor-size-default\">Cursos<\/h2>\t\t\t\t<\/div>\n\t\t\t\t<\/div>\n\t\t\t\t<div class=\"elementor-element elementor-element-2b9ff29 elementor-widget elementor-widget-text-editor\" data-id=\"2b9ff29\" data-element_type=\"widget\" data-e-type=\"widget\" data-widget_type=\"text-editor.default\">\n\t\t\t\t<div class=\"elementor-widget-container\">\n\t\t\t\t\t\t\t\t\tEl hotel Bordeaux Porte du Bassin ofrece una sala para todo tipo de actividades, cursos o reuniones. &#8230;\t\t\t\t\t\t\t\t<\/div>\n\t\t\t\t<\/div>\n\t\t\t\t<div data-dce-background-color=\"#B7934D\" class=\"elementor-element elementor-element-cd6dff7 elementor-widget elementor-widget-button\" data-id=\"cd6dff7\" data-element_type=\"widget\" data-e-type=\"widget\" data-widget_type=\"button.default\">\n\t\t\t\t<div class=\"elementor-widget-container\">\n\t\t\t\t\t\t\t\t\t<div class=\"elementor-button-wrapper\">\n\t\t\t\t\t<a class=\"elementor-button elementor-button-link elementor-size-sm\" href=\"https:\/\/www.hotel-bordeaux-porte-bassin.fr\/es\/services\/cursos\/\">\n\t\t\t\t\t\t<span class=\"elementor-button-content-wrapper\">\n\t\t\t\t\t\t\t\t\t<span class=\"elementor-button-text\">M\u00c1S INFORMACI\u00d3N<\/span>\n\t\t\t\t\t<\/span>\n\t\t\t\t\t<\/a>\n\t\t\t\t<\/div>\n\t\t\t\t\t\t\t\t<\/div>\n\t\t\t\t<\/div>\n\t\t\t\t\t<\/div>\n\t\t<\/div>\n\t\t\t\t\t<\/div>\n\t\t<\/section>\n\t\t\t\t<\/div>\n\t\t\t\t<\/article>\n\t\t\t\t<\/div>\n\t\t\t\t\t\t<\/div>\n\t\t\t\t<\/div>\n\t\t\t\t\t<\/div>\n\t\t<\/div>\n\t\t\t\t\t<\/div>\n\t\t<\/section>\n\t\t\t\t<\/div>\n\t\t","protected":false},"excerpt":{"rendered":"<p>servicios<\/p>\n","protected":false},"author":3,"featured_media":0,"parent":0,"menu_order":0,"comment_status":"closed","ping_status":"closed","template":"","meta":{"_acf_changed":false,"footnotes":""},"class_list":["post-6080","page","type-page","status-publish","hentry"],"acf":[],"_links":{"self":[{"href":"https:\/\/www.hotel-bordeaux-porte-bassin.fr\/es\/wp-json\/wp\/v2\/pages\/6080","targetHints":{"allow":["GET"]}}],"collection":[{"href":"https:\/\/www.hotel-bordeaux-porte-bassin.fr\/es\/wp-json\/wp\/v2\/pages"}],"about":[{"href":"https:\/\/www.hotel-bordeaux-porte-bassin.fr\/es\/wp-json\/wp\/v2\/types\/page"}],"author":[{"embeddable":true,"href":"https:\/\/www.hotel-bordeaux-porte-bassin.fr\/es\/wp-json\/wp\/v2\/users\/3"}],"replies":[{"embeddable":true,"href":"https:\/\/www.hotel-bordeaux-porte-bassin.fr\/es\/wp-json\/wp\/v2\/comments?post=6080"}],"version-history":[{"count":3,"href":"https:\/\/www.hotel-bordeaux-porte-bassin.fr\/es\/wp-json\/wp\/v2\/pages\/6080\/revisions"}],"predecessor-version":[{"id":8481,"href":"https:\/\/www.hotel-bordeaux-porte-bassin.fr\/es\/wp-json\/wp\/v2\/pages\/6080\/revisions\/8481"}],"wp:attachment":[{"href":"https:\/\/www.hotel-bordeaux-porte-bassin.fr\/es\/wp-json\/wp\/v2\/media?parent=6080"}],"curies":[{"name":"wp","href":"https:\/\/api.w.org\/{rel}","templated":true}]}}